{"id":9656,"date":"2025-01-28T12:46:36","date_gmt":"2025-01-28T11:46:36","guid":{"rendered":"https:\/\/groupe-aquila.com\/terms-of-use\/"},"modified":"2025-05-15T12:55:05","modified_gmt":"2025-05-15T10:55:05","slug":"terms-of-use","status":"publish","type":"page","link":"https:\/\/groupe-aquila.com\/en\/terms-of-use\/","title":{"rendered":"Terms of use"},"content":{"rendered":"<section class=\"l-section wpb_row height_custom\"><div class=\"l-section-h i-cf\"><div class=\"g-cols vc_row via_grid cols_1 laptops-cols_inherit tablets-cols_inherit mobiles-cols_1 valign_top type_default stacking_default\"><div class=\"wpb_column vc_column_container\"><div class=\"vc_column-inner\"><div class=\"wpb_text_column\"><div class=\"wpb_wrapper\"><h2 class=\"wp-block-heading\">Identity<\/h2>\n<p>Site name: GROUPE AQUILA Site address: https:\/\/www.groupe-aquila.com Owner :<\/p>\n<ul>\n<li aria-level=\"1\">Company name: GROUPE AQUILA<\/li>\n<li aria-level=\"1\">Legal form: SARL, limited liability company<\/li>\n<li aria-level=\"1\">Share capital: \u20ac1,000<\/li>\n<li aria-level=\"1\">SIREN number: 980 952 236<\/li>\n<li aria-level=\"1\">RCS number: 980 952 360 R.C.S. Toulon<\/li>\n<li aria-level=\"1\">Intracommunity VAT number: FR88980952360<\/li>\n<li aria-level=\"1\">Telephone: <a class=\"w-text-h\" href=\"tel:04%2094%2023%2099%2013\"><span class=\"w-text-value\">04 94 23 99 13<\/span><\/a><\/li>\n<li aria-level=\"1\">Email : <a class=\"w-text-h\" href=\"mailto:contact@groupe-aquila.com\"><span class=\"w-text-value\">contact@groupe-aquila.com<\/span><\/a><\/li>\n<li aria-level=\"1\">Head office: 417 Route de la Farl\u00e8de, Les Pl\u00e9iades, 83130 La Garde, France<\/li>\n<li aria-level=\"1\">Director of publications : Victor De Villeblanche<\/li>\n<\/ul>\n<p>CNAPS authorization to operate: AUT-083-2122-11-09-20230891184 Article L612-14 of the CSI: Authorization to operate does not confer any prerogative of public authority on the company or the persons benefiting from it. It in no way engages the responsibility of public authorities, in particular the CNAPS Authority issuing the authorization to practice: CNAPS &#8211; D\u00e9l\u00e9gation territoriale Sud, 6 all\u00e9e Turcat Mery &#8211; CS 30028, 13295 Marseille, CEDEX 08.<\/p>\n<h2 class=\"wp-block-heading\">GENERAL TERMS OF USE OF THE WEBSITE<\/h2>\n<p>The user acknowledges having read these terms of use and undertakes to comply with them. Users of the website acknowledge that they have the skills and resources required to access and use this site. Users of the &#8220;https:\/\/www.astrategie.com&#8221; website acknowledge that they have checked that the computer configuration used is virus-free and in perfect working order. The website operator makes every effort to provide users with available and verified information and\/or tools, but cannot be held responsible for errors, lack of availability of information and\/or the presence of viruses on its site. The information provided by the website operator is for guidance only, and does not absolve the user from the need for further, personalized analysis. The website operator cannot guarantee the accuracy, completeness or topicality of the information published on its site. Consequently, users acknowledge that they use this information at their own risk. Users of the &#8220;https:\/\/www.astrategie.com&#8221; website are required to comply with the provisions of the French law on data processing, data files and individual liberties, the violation of which is punishable by criminal penalties. In particular, they must refrain from collecting or misusing any personal information they access, and in general, from any act likely to infringe the privacy or reputation of individuals. The general structure, as well as the software, texts, images (animated or not), sounds, know-how and all other elements making up the site are the exclusive property of the website operator. Any total or partial representation of this site by any company whatsoever, without the express authorization of the site operator, is prohibited and constitutes an infringement punishable by articles L.335-2 et seq. of the French Intellectual Property Code. The same applies to any databases appearing on the &#8220;https:\/\/www.astrategie.com&#8221; website, which are protected by the provisions of the law of July 1, 1998, transposing the European directive of March 11, 1996 on the legal protection of databases into the French Intellectual Property Code. The trademarks of the website operator and its partners, as well as the logos appearing on the site are semi-figurative or not and are registered. Any total or partial reproduction of these trademarks or logos from elements of the site without the express authorization of the website operator is therefore prohibited, in accordance with article L.713-2 of the French Intellectual Property Code. Users of and visitors to the website may not set up a hyperlink to this site without the express prior authorization of the website operator. The website operator cannot be held responsible for users accessing other resources on the Internet via hyperlinks set up within the framework of the website.<\/p>\n<\/div><\/div><\/div><\/div><\/div><\/div><\/section>\n","protected":false},"excerpt":{"rendered":"Identity Site name: GROUPE AQUILA Site address: https:\/\/www.groupe-aquila.com Owner : Company name: GROUPE AQUILA Legal form: SARL, limited liability company Share capital: \u20ac1,000 SIREN number: 980 952 236 RCS number: 980 952 360 R.C.S. Toulon Intracommunity VAT number: FR88980952360 Telephone: 04 94 23 99 13 Email : contact@groupe-aquila.com Head office: 417 Route de la Farl\u00e8de,...","protected":false},"author":2,"featured_media":0,"parent":0,"menu_order":0,"comment_status":"closed","ping_status":"closed","template":"","meta":{"footnotes":""},"class_list":["post-9656","page","type-page","status-publish","hentry"],"yoast_head":"<!-- This site is optimized with the Yoast SEO plugin v27.4 - https:\/\/yoast.com\/product\/yoast-seo-wordpress\/ -->\n<title>Terms of use | Groupe Aquila<\/title>\n<meta name=\"robots\" content=\"noindex, nofollow\" \/>\n<meta property=\"og:locale\" content=\"en_US\" \/>\n<meta property=\"og:type\" content=\"article\" \/>\n<meta property=\"og:title\" content=\"Terms of use | Groupe Aquila\" \/>\n<meta property=\"og:url\" content=\"https:\/\/groupe-aquila.com\/en\/terms-of-use\/\" \/>\n<meta property=\"og:site_name\" content=\"Groupe Aquila\" \/>\n<meta property=\"article:modified_time\" content=\"2025-05-15T10:55:05+00:00\" \/>\n<meta property=\"og:image\" content=\"https:\/\/groupe-aquila.com\/wp-content\/uploads\/2025\/02\/groupe-aquila-image-logo-site.jpg\" \/>\n\t<meta property=\"og:image:width\" content=\"1200\" \/>\n\t<meta property=\"og:image:height\" content=\"675\" \/>\n\t<meta property=\"og:image:type\" content=\"image\/jpeg\" \/>\n<meta name=\"twitter:card\" content=\"summary_large_image\" \/>\n<meta name=\"twitter:label1\" content=\"Est. reading time\" \/>\n\t<meta name=\"twitter:data1\" content=\"3 minutes\" \/>\n<script type=\"application\/ld+json\" class=\"yoast-schema-graph\">{\"@context\":\"https:\\\/\\\/schema.org\",\"@graph\":[{\"@type\":\"WebPage\",\"@id\":\"https:\\\/\\\/groupe-aquila.com\\\/en\\\/terms-of-use\\\/\",\"url\":\"https:\\\/\\\/groupe-aquila.com\\\/en\\\/terms-of-use\\\/\",\"name\":\"Terms of use | Groupe Aquila\",\"isPartOf\":{\"@id\":\"https:\\\/\\\/groupe-aquila.com\\\/en\\\/#website\"},\"datePublished\":\"2025-01-28T11:46:36+00:00\",\"dateModified\":\"2025-05-15T10:55:05+00:00\",\"breadcrumb\":{\"@id\":\"https:\\\/\\\/groupe-aquila.com\\\/en\\\/terms-of-use\\\/#breadcrumb\"},\"inLanguage\":\"en-US\",\"potentialAction\":[{\"@type\":\"ReadAction\",\"target\":[\"https:\\\/\\\/groupe-aquila.com\\\/en\\\/terms-of-use\\\/\"]}]},{\"@type\":\"BreadcrumbList\",\"@id\":\"https:\\\/\\\/groupe-aquila.com\\\/en\\\/terms-of-use\\\/#breadcrumb\",\"itemListElement\":[{\"@type\":\"ListItem\",\"position\":1,\"name\":\"Accueil\",\"item\":\"https:\\\/\\\/groupe-aquila.com\\\/en\\\/\"},{\"@type\":\"ListItem\",\"position\":2,\"name\":\"Terms of use\"}]},{\"@type\":\"WebSite\",\"@id\":\"https:\\\/\\\/groupe-aquila.com\\\/en\\\/#website\",\"url\":\"https:\\\/\\\/groupe-aquila.com\\\/en\\\/\",\"name\":\"Groupe Aquila\",\"description\":\"D\u00e9tective priv\u00e9 Paris | Enqu\u00eates civiles &amp; commerciales\",\"publisher\":{\"@id\":\"https:\\\/\\\/groupe-aquila.com\\\/en\\\/#organization\"},\"alternateName\":\"Groupe Aquila\",\"potentialAction\":[{\"@type\":\"SearchAction\",\"target\":{\"@type\":\"EntryPoint\",\"urlTemplate\":\"https:\\\/\\\/groupe-aquila.com\\\/en\\\/?s={search_term_string}\"},\"query-input\":{\"@type\":\"PropertyValueSpecification\",\"valueRequired\":true,\"valueName\":\"search_term_string\"}}],\"inLanguage\":\"en-US\"},{\"@type\":\"Organization\",\"@id\":\"https:\\\/\\\/groupe-aquila.com\\\/en\\\/#organization\",\"name\":\"Groupe Aquila\",\"alternateName\":\"Groupe Aquila\",\"url\":\"https:\\\/\\\/groupe-aquila.com\\\/en\\\/\",\"logo\":{\"@type\":\"ImageObject\",\"inLanguage\":\"en-US\",\"@id\":\"https:\\\/\\\/groupe-aquila.com\\\/en\\\/#\\\/schema\\\/logo\\\/image\\\/\",\"url\":\"https:\\\/\\\/groupe-aquila.com\\\/wp-content\\\/uploads\\\/2025\\\/05\\\/LOGO-AQUILA-GROUPE-BLK-SANS-FOND-WEB.png\",\"contentUrl\":\"https:\\\/\\\/groupe-aquila.com\\\/wp-content\\\/uploads\\\/2025\\\/05\\\/LOGO-AQUILA-GROUPE-BLK-SANS-FOND-WEB.png\",\"width\":300,\"height\":335,\"caption\":\"Groupe Aquila\"},\"image\":{\"@id\":\"https:\\\/\\\/groupe-aquila.com\\\/en\\\/#\\\/schema\\\/logo\\\/image\\\/\"}}]}<\/script>\n<!-- \/ Yoast SEO plugin. -->","yoast_head_json":{"title":"Terms of use | Groupe Aquila","robots":{"index":"noindex","follow":"nofollow"},"og_locale":"en_US","og_type":"article","og_title":"Terms of use | Groupe Aquila","og_url":"https:\/\/groupe-aquila.com\/en\/terms-of-use\/","og_site_name":"Groupe Aquila","article_modified_time":"2025-05-15T10:55:05+00:00","og_image":[{"width":1200,"height":675,"url":"https:\/\/groupe-aquila.com\/wp-content\/uploads\/2025\/02\/groupe-aquila-image-logo-site.jpg","type":"image\/jpeg"}],"twitter_card":"summary_large_image","twitter_misc":{"Est. reading time":"3 minutes"},"schema":{"@context":"https:\/\/schema.org","@graph":[{"@type":"WebPage","@id":"https:\/\/groupe-aquila.com\/en\/terms-of-use\/","url":"https:\/\/groupe-aquila.com\/en\/terms-of-use\/","name":"Terms of use | Groupe Aquila","isPartOf":{"@id":"https:\/\/groupe-aquila.com\/en\/#website"},"datePublished":"2025-01-28T11:46:36+00:00","dateModified":"2025-05-15T10:55:05+00:00","breadcrumb":{"@id":"https:\/\/groupe-aquila.com\/en\/terms-of-use\/#breadcrumb"},"inLanguage":"en-US","potentialAction":[{"@type":"ReadAction","target":["https:\/\/groupe-aquila.com\/en\/terms-of-use\/"]}]},{"@type":"BreadcrumbList","@id":"https:\/\/groupe-aquila.com\/en\/terms-of-use\/#breadcrumb","itemListElement":[{"@type":"ListItem","position":1,"name":"Accueil","item":"https:\/\/groupe-aquila.com\/en\/"},{"@type":"ListItem","position":2,"name":"Terms of use"}]},{"@type":"WebSite","@id":"https:\/\/groupe-aquila.com\/en\/#website","url":"https:\/\/groupe-aquila.com\/en\/","name":"Groupe Aquila","description":"D\u00e9tective priv\u00e9 Paris | Enqu\u00eates civiles &amp; commerciales","publisher":{"@id":"https:\/\/groupe-aquila.com\/en\/#organization"},"alternateName":"Groupe Aquila","potentialAction":[{"@type":"SearchAction","target":{"@type":"EntryPoint","urlTemplate":"https:\/\/groupe-aquila.com\/en\/?s={search_term_string}"},"query-input":{"@type":"PropertyValueSpecification","valueRequired":true,"valueName":"search_term_string"}}],"inLanguage":"en-US"},{"@type":"Organization","@id":"https:\/\/groupe-aquila.com\/en\/#organization","name":"Groupe Aquila","alternateName":"Groupe Aquila","url":"https:\/\/groupe-aquila.com\/en\/","logo":{"@type":"ImageObject","inLanguage":"en-US","@id":"https:\/\/groupe-aquila.com\/en\/#\/schema\/logo\/image\/","url":"https:\/\/groupe-aquila.com\/wp-content\/uploads\/2025\/05\/LOGO-AQUILA-GROUPE-BLK-SANS-FOND-WEB.png","contentUrl":"https:\/\/groupe-aquila.com\/wp-content\/uploads\/2025\/05\/LOGO-AQUILA-GROUPE-BLK-SANS-FOND-WEB.png","width":300,"height":335,"caption":"Groupe Aquila"},"image":{"@id":"https:\/\/groupe-aquila.com\/en\/#\/schema\/logo\/image\/"}}]}},"_links":{"self":[{"href":"https:\/\/groupe-aquila.com\/en\/wp-json\/wp\/v2\/pages\/9656","targetHints":{"allow":["GET"]}}],"collection":[{"href":"https:\/\/groupe-aquila.com\/en\/wp-json\/wp\/v2\/pages"}],"about":[{"href":"https:\/\/groupe-aquila.com\/en\/wp-json\/wp\/v2\/types\/page"}],"author":[{"embeddable":true,"href":"https:\/\/groupe-aquila.com\/en\/wp-json\/wp\/v2\/users\/2"}],"replies":[{"embeddable":true,"href":"https:\/\/groupe-aquila.com\/en\/wp-json\/wp\/v2\/comments?post=9656"}],"version-history":[{"count":5,"href":"https:\/\/groupe-aquila.com\/en\/wp-json\/wp\/v2\/pages\/9656\/revisions"}],"predecessor-version":[{"id":10346,"href":"https:\/\/groupe-aquila.com\/en\/wp-json\/wp\/v2\/pages\/9656\/revisions\/10346"}],"wp:attachment":[{"href":"https:\/\/groupe-aquila.com\/en\/wp-json\/wp\/v2\/media?parent=9656"}],"curies":[{"name":"wp","href":"https:\/\/api.w.org\/{rel}","templated":true}]}}